{"id":1819,"date":"2024-05-09T07:43:46","date_gmt":"2024-05-09T13:43:46","guid":{"rendered":"https:\/\/goclinicsv.com\/wp_goclinic\/?page_id=1819"},"modified":"2024-05-15T17:32:06","modified_gmt":"2024-05-15T23:32:06","slug":"inicio","status":"publish","type":"page","link":"https:\/\/goclinicsv.com\/wp_goclinic\/","title":{"rendered":"Inicio"},"content":{"rendered":"\n[et_pb_section fb_built=\u00bb1&#8243; fullwidth=\u00bbon\u00bb _builder_version=\u00bb4.25.1&#8243; _module_preset=\u00bbdefault\u00bb hover_enabled=\u00bb0&#8243; global_colors_info=\u00bb{}\u00bb sticky_enabled=\u00bb0&#8243; title_text=\u00bbgoclinic_logo_TA-05&#8243; min_height=\u00bb602px\u00bb animation_style=\u00bbfade\u00bb background_size=\u00bbinitial\u00bb background_enable_image=\u00bboff\u00bb background_color=\u00bbrgba(65,204,176,0.84)\u00bb][et_pb_fullwidth_slider _builder_version=\u00bb4.25.1&#8243; _module_preset=\u00bbdefault\u00bb hover_enabled=\u00bb0&#8243; global_colors_info=\u00bb{}\u00bb sticky_enabled=\u00bb0&#8243; title_text=\u00bbimg014a\u00bb background_repeat=\u00bbrepeat\u00bb background_blend=\u00bblighten\u00bb background_enable_image=\u00bboff\u00bb][et_pb_slide _builder_version=\u00bb4.25.1&#8243; _module_preset=\u00bbdefault\u00bb background_enable_image=\u00bboff\u00bb child_filter_brightness=\u00bb98%\u00bb text_shadow_style=\u00bbpreset1&#8243; text_shadow_blur_strength=\u00bb0.34em\u00bb text_shadow_color=\u00bb#000000&#8243; global_colors_info=\u00bb{}\u00bb sticky_transition=\u00bbon\u00bb button_text_last_edited=\u00bboff|desktop\u00bb button_text=\u00bbReserva tu cita ahora\u00bb parallax=\u00bbon\u00bb background_color=\u00bbRGBA(255,255,255,0)\u00bb background_enable_color=\u00bbon\u00bb alt=\u00bbConsulta Ginecologica\u00bb title_text=\u00bbimg003&#8243; image=\u00bbhttps:\/\/goclinicsv.com\/wp_goclinic\/wp-content\/uploads\/2024\/05\/img003.jpg\u00bb border_radii_image=\u00bbon|400px|400px|400px|400px\u00bb header_text_color=\u00bb#000000&#8243; body_text_color=\u00bb#000000&#8243; body_font_size=\u00bb16px\u00bb custom_button=\u00bbon\u00bb button_text_color=\u00bb#8300E9&#8243; button_use_icon=\u00bboff\u00bb box_shadow_style_button=\u00bbpreset4&#8243; body_text_shadow_style=\u00bbpreset1&#8243; header_text_shadow_style=\u00bbpreset1&#8243; heading=\u00bbConsulta Ginecologica\u00bb hover_enabled=\u00bb0&#8243; sticky_enabled=\u00bb0&#8243;]<p style=\"text-align: justify; padding-left: 40px;\">En Go Clinic, nuestra prioridad es brindar atenci\u00f3n especializada y de calidad a nuestras pacientes en el \u00e1rea de ginecolog\u00eda y obstetricia. Nuestro equipo de m\u00e9dicos altamente capacitados se preocupa por su bienestar y salud en cada etapa de su vida. Ofrecemos servicios integrales que incluyen consultas ginecol\u00f3gicas, consultas prenatales, planificaci\u00f3n familiar, procedimientos y cirug\u00edas ginecol\u00f3gicas, y citolog\u00edas y biopsias. Conf\u00ede en nosotros para brindarle el cuidado que usted y su salud merecen. \u00a1Visite Go Clinic hoy mismo y descubra c\u00f3mo podemos ayudarle a vivir una vida saludable y plena!<\/p>[\/et_pb_slide][et_pb_slide heading=\u00bbConsulta Prenatal\u00bb button_text=\u00bbReserva tu cita ahora\u00bb _builder_version=\u00bb4.25.1&#8243; _module_preset=\u00bbdefault\u00bb background_enable_image=\u00bboff\u00bb hover_enabled=\u00bb0&#8243; global_colors_info=\u00bb{}\u00bb sticky_transition=\u00bbon\u00bb sticky_enabled=\u00bb0&#8243; background_color=\u00bbRGBA(255,255,255,0)\u00bb background_enable_color=\u00bbon\u00bb image=\u00bbhttps:\/\/goclinicsv.com\/wp_goclinic\/wp-content\/uploads\/2024\/05\/img004.jpg\u00bb text_shadow_style=\u00bbpreset1&#8243; text_shadow_horizontal_length=\u00bb0.09em\u00bb text_shadow_vertical_length=\u00bb0.2em\u00bb alt=\u00bbConsulta Prenatal\u00bb title_text=\u00bbimg004&#8243; border_radii_image=\u00bbon|400px|400px|400px|400px\u00bb custom_button=\u00bbon\u00bb button_text_color=\u00bb#8300E9&#8243; box_shadow_style_button=\u00bbpreset4&#8243; header_text_color=\u00bb#000000&#8243; body_text_color=\u00bb#000000&#8243; body_font_size=\u00bb16px\u00bb body_text_shadow_style=\u00bbpreset1&#8243;]<p style=\"padding-left: 40px; text-align: justify;\">En Go Clinic, entendemos que la consulta prenatal es una etapa crucial en el cuidado de tu salud y la de tu futuro beb\u00e9. Nuestro equipo de m\u00e9dicos altamente capacitados est\u00e1 comprometido en brindarte una atenci\u00f3n especializada y de calidad durante esta etapa tan importante. Adem\u00e1s de las consultas, ofrecemos servicios integrales que incluyen pruebas de laboratorio, ultrasonidos y asesoramiento personalizado para garantizar un embarazo saludable y seguro. Conf\u00eda en nosotros para proporcionarte el cuidado prenatal que t\u00fa y tu beb\u00e9 merecen. \u00a1Visita Go Clinic hoy mismo y comienza a vivir una experiencia de consulta prenatal excepcional!<\/p>[\/et_pb_slide][et_pb_slide heading=\u00bbPlanificacion Familiar\u00bb button_text=\u00bbReserva tu cita ahora\u00bb _builder_version=\u00bb4.25.1&#8243; _module_preset=\u00bbdefault\u00bb hover_enabled=\u00bb0&#8243; global_colors_info=\u00bb{}\u00bb sticky_transition=\u00bbon\u00bb alt=\u00bbPlanificacion Familiar\u00bb title_text=\u00bbimg005&#8243; background_enable_image=\u00bboff\u00bb sticky_enabled=\u00bb0&#8243; image=\u00bbhttps:\/\/goclinicsv.com\/wp_goclinic\/wp-content\/uploads\/2024\/05\/img005.jpg\u00bb background_enable_color=\u00bboff\u00bb border_radii_image=\u00bbon|400px|400px|400px|400px\u00bb header_text_color=\u00bb#000000&#8243; body_text_color=\u00bb#000000&#8243; body_font_size=\u00bb16px\u00bb custom_button=\u00bbon\u00bb button_border_color=\u00bb#8300E9&#8243; button_icon_color=\u00bb#8300E9&#8243; button_text_color=\u00bb#8300E9&#8243; box_shadow_style_button=\u00bbpreset4&#8243;]<p style=\"text-align: justify; padding-left: 40px;\">En Go Clinic, entendemos lo importante que es la planificaci\u00f3n familiar para tu bienestar y el de tu familia. Nuestro equipo de m\u00e9dicos especializados en ginecolog\u00eda y obstetricia est\u00e1 comprometido en brindarte el cuidado y la orientaci\u00f3n necesaria para tomar decisiones informadas sobre la planificaci\u00f3n de tu familia. Ofrecemos una amplia gama de servicios que incluyen asesoramiento personalizado, m\u00e9todos anticonceptivos, pruebas de fertilidad y asistencia en t\u00e9cnicas de reproducci\u00f3n asistida. Conf\u00eda en nosotros para brindarte el apoyo necesario en esta etapa de tu vida. Visita Go Clinic hoy mismo y descubre c\u00f3mo podemos ayudarte a planificar tu futuro familiar de manera segura y saludable. \u00a1Reserva tu cita ahora!<\/p>[\/et_pb_slide][et_pb_slide heading=\u00bbProcedimientos y Cirug\u00edas Ginecol\u00f3gicas\u00bb button_text=\u00bbReserva tu cita ahora\u00bb _builder_version=\u00bb4.25.1&#8243; _module_preset=\u00bbdefault\u00bb alt=\u00bbProcedimiento y Cirugias Ginecologicas\u00bb title_text=\u00bbimg008&#8243; background_enable_image=\u00bboff\u00bb hover_enabled=\u00bb0&#8243; sticky_enabled=\u00bb0&#8243; image=\u00bbhttps:\/\/goclinicsv.com\/wp_goclinic\/wp-content\/uploads\/2024\/05\/img008.jpg\u00bb background_enable_color=\u00bboff\u00bb border_radii_image=\u00bbon|400px|400px|400px|400px\u00bb custom_button=\u00bbon\u00bb button_text_color=\u00bb#8300E9&#8243; box_shadow_style_button=\u00bbpreset4&#8243; body_text_color=\u00bb#000000&#8243; header_text_color=\u00bb#000000&#8243;]<p style=\"text-align: justify; padding-left: 40px;\">En Go Clinic, entendemos la importancia de ofrecer procedimientos y cirug\u00edas ginecol\u00f3gicas de calidad para el cuidado de nuestra paciente. Nuestro equipo de m\u00e9dicos altamente capacitados se especializa en brindar una atenci\u00f3n especializada y segura durante estos procedimientos. Ya sea que necesite una cirug\u00eda laparosc\u00f3pica, una histerectom\u00eda o cualquier otro tipo de procedimiento ginecol\u00f3gico, conf\u00ede en nosotros para ofrecerle los mejores resultados y cuidado postoperatorio. Visite Go Clinic hoy mismo y descubra c\u00f3mo podemos ayudarle a mantener su salud ginecol\u00f3gica en \u00f3ptimas condiciones. \u00a1Reserve su cita ahora!<\/p>[\/et_pb_slide][et_pb_slide heading=\u00bbCitolog\u00edas y Biopsias\u00bb button_text=\u00bbReserva tu cita ahora\u00bb _builder_version=\u00bb4.25.1&#8243; _module_preset=\u00bbdefault\u00bb alt=\u00bbProcedimiento y Cirugias Ginecologicas\u00bb title_text=\u00bbimg014b\u00bb background_enable_image=\u00bboff\u00bb hover_enabled=\u00bb0&#8243; sticky_enabled=\u00bb0&#8243; image=\u00bbhttps:\/\/goclinicsv.com\/wp_goclinic\/wp-content\/uploads\/2024\/05\/img014b.jpg\u00bb background_enable_color=\u00bboff\u00bb border_radii_image=\u00bbon|400px|400px|400px|400px\u00bb custom_button=\u00bbon\u00bb button_text_color=\u00bb#8300E9&#8243; body_text_color=\u00bb#000000&#8243; header_text_color=\u00bb#000000&#8243;]<p style=\"text-align: justify; padding-left: 40px;\">En Go Clinic, nos enorgullece ofrecer servicios especializados de citolog\u00edas y biopsias para el cuidado de tu salud ginecol\u00f3gica. Nuestro equipo de m\u00e9dicos altamente capacitados se compromete a brindarte una atenci\u00f3n de calidad durante estos procedimientos. Ya sea que necesites una citolog\u00eda de Papanicolaou o una biopsia endometrial, conf\u00eda en nosotros para ofrecerte resultados precisos y un seguimiento adecuado. Visita Go Clinic hoy mismo y descubre c\u00f3mo podemos ayudarte a mantener tu salud femenina en \u00f3ptimas condiciones. \u00a1Reserva tu cita ahora!<\/p>[\/et_pb_slide][\/et_pb_fullwidth_slider][\/et_pb_section][et_pb_section fb_built=\u00bb1&#8243; _builder_version=\u00bb4.25.1&#8243; _module_preset=\u00bbdefault\u00bb background_color=\u00bb#975aa3&#8243; hover_enabled=\u00bb0&#8243; global_colors_info=\u00bb{}\u00bb title_text=\u00bbgoclinic_logo_TA-05&#8243; sticky_enabled=\u00bb0&#8243; background_size=\u00bbinitial\u00bb background_position=\u00bbcenter_left\u00bb background_enable_image=\u00bboff\u00bb][et_pb_row _builder_version=\u00bb4.25.1&#8243; _module_preset=\u00bbdefault\u00bb hover_enabled=\u00bb0&#8243; global_colors_info=\u00bb{}\u00bb column_structure=\u00bb1_2,1_2&#8243; sticky_enabled=\u00bb0&#8243; min_height=\u00bb265.5px\u00bb custom_padding=\u00bb5px|0px||||\u00bb width=\u00bb100%\u00bb][et_pb_column type=\u00bb1_2&#8243; _builder_version=\u00bb4.25.1&#8243; _module_preset=\u00bbdefault\u00bb hover_enabled=\u00bb0&#8243; global_colors_info=\u00bb{}\u00bb sticky_enabled=\u00bb0&#8243;][et_pb_image src=\u00bbhttps:\/\/goclinicsv.com\/wp_goclinic\/wp-content\/uploads\/2024\/05\/goclinic_logo_TA-05.jpg\u00bb _builder_version=\u00bb4.25.1&#8243; _module_preset=\u00bbdefault\u00bb title_text=\u00bbgoclinic_logo_TA-05&#8243; hover_enabled=\u00bb0&#8243; sticky_enabled=\u00bb0&#8243;][\/et_pb_image][\/et_pb_column][et_pb_column type=\u00bb1_2&#8243; _builder_version=\u00bb4.25.1&#8243; _module_preset=\u00bbdefault\u00bb global_colors_info=\u00bb{}\u00bb][et_pb_text _builder_version=\u00bb4.25.1&#8243; _module_preset=\u00bbdefault\u00bb text_font=\u00bb||||||||\u00bb text_text_color=\u00bb#FFFFFF\u00bb text_font_size=\u00bb18px\u00bb width=\u00bb100%\u00bb max_width=\u00bb100%\u00bb module_alignment=\u00bbcenter\u00bb animation_style=\u00bbslide\u00bb hover_enabled=\u00bb0&#8243; global_colors_info=\u00bb{}\u00bb text_text_color__hover_enabled=\u00bbon|desktop\u00bb text_text_color__hover=\u00bb#FFFFFF\u00bb sticky_enabled=\u00bb0&#8243; custom_margin=\u00bb||||false|false\u00bb custom_padding=\u00bb|10px||10px|false|false\u00bb]<p style=\"text-align: justify;\">Bienvenidos a Go Clinic. Nuestra cl\u00ednica de ginecolog\u00eda y obstetricia se dedica a brindar atenci\u00f3n especializada y de calidad a nuestras pacientes. Contamos con un equipo de m\u00e9dicos altamente capacitados que se preocupan por su bienestar y salud. En Go Clinic, nos esforzamos por ofrecer servicios integrales que abarcan desde la consulta hasta el seguimiento y tratamiento de condiciones relacionadas con la salud femenina. Conf\u00ede en nosotros para brindarle el cuidado que usted y su salud merecen. \u00a1Visite Go Clinic hoy mismo y descubra c\u00f3mo podemos ayudarle a vivir una vida saludable y plena!<\/p>[\/et_pb_text][\/et_pb_column][\/et_pb_row][\/et_pb_section][et_pb_section fb_built=\u00bb1&#8243; theme_builder_area=\u00bbpost_content\u00bb _builder_version=\u00bb4.25.1&#8243; _module_preset=\u00bbdefault\u00bb background_color=\u00bbrgba(65,204,176,0.84)\u00bb hover_enabled=\u00bb0&#8243; sticky_enabled=\u00bb0&#8243;][et_pb_row _builder_version=\u00bb4.25.1&#8243; _module_preset=\u00bbdefault\u00bb column_structure=\u00bb1_2,1_2&#8243; theme_builder_area=\u00bbpost_content\u00bb][et_pb_column _builder_version=\u00bb4.25.1&#8243; _module_preset=\u00bbdefault\u00bb type=\u00bb1_2&#8243; theme_builder_area=\u00bbpost_content\u00bb][et_pb_image src=\u00bbhttps:\/\/goclinicsv.com\/wp_goclinic\/wp-content\/uploads\/2024\/05\/foto03.jpg\u00bb _builder_version=\u00bb4.25.1&#8243; _module_preset=\u00bbdefault\u00bb theme_builder_area=\u00bbpost_content\u00bb title_text=\u00bbfoto03&#8243; hover_enabled=\u00bb0&#8243; sticky_enabled=\u00bb0&#8243; border_radii=\u00bbon|38px|38px|38px|38px\u00bb box_shadow_style=\u00bbpreset1&#8243; box_shadow_horizontal=\u00bb17px\u00bb][\/et_pb_image][\/et_pb_column][et_pb_column _builder_version=\u00bb4.25.1&#8243; _module_preset=\u00bbdefault\u00bb type=\u00bb1_2&#8243; theme_builder_area=\u00bbpost_content\u00bb][et_pb_blurb title=\u00bbNuestros M\u00e9dicos\u00bb image=\u00bbhttps:\/\/goclinicsv.com\/wp_goclinic\/wp-content\/uploads\/2024\/05\/Logo_Circular.png\u00bb _builder_version=\u00bb4.25.1&#8243; _module_preset=\u00bbdefault\u00bb theme_builder_area=\u00bbpost_content\u00bb hover_enabled=\u00bb0&#8243; sticky_enabled=\u00bb0&#8243; text_orientation=\u00bbjustified\u00bb header_font=\u00bb|600|||||||\u00bb header_text_align=\u00bbjustify\u00bb header_text_color=\u00bb#000000&#8243; header_font_size=\u00bb26px\u00bb header_text_shadow_style=\u00bbpreset1&#8243; body_text_align=\u00bbjustify\u00bb body_font_size=\u00bb19px\u00bb title_text=\u00bbLogo_Circular\u00bb image_icon_width=\u00bb63%\u00bb border_radii_image=\u00bbon|212px|212px|212px|212px\u00bb]<p style=\"padding-left: 40px;\">En Go Clinic, nuestro equipo m\u00e9dico est\u00e1 compuesto por profesionales altamente capacitados y comprometidos con su bienestar. Con una amplia experiencia en ginecolog\u00eda y obstetricia, nuestros m\u00e9dicos, se dedican a brindar atenci\u00f3n especializada y de calidad a nuestras pacientes. Conf\u00ede en ellos para obtener el cuidado y la orientaci\u00f3n que necesita en cada etapa de su vida. \u00a1Visite Go Clinic hoy mismo y descubra c\u00f3mo nuestro staff m\u00e9dico puede ayudarle a vivir una vida saludable y plena!<\/p>[\/et_pb_blurb][\/et_pb_column][\/et_pb_row][\/et_pb_section][et_pb_section fb_built=\u00bb1&#8243; theme_builder_area=\u00bbpost_content\u00bb _builder_version=\u00bb4.25.1&#8243; _module_preset=\u00bbdefault\u00bb hover_enabled=\u00bb0&#8243; sticky_enabled=\u00bb0&#8243; background_color=\u00bb#9b61a7&#8243;][et_pb_row _builder_version=\u00bb4.25.1&#8243; _module_preset=\u00bbdefault\u00bb column_structure=\u00bb1_2,1_2&#8243; theme_builder_area=\u00bbpost_content\u00bb][et_pb_column _builder_version=\u00bb4.25.1&#8243; _module_preset=\u00bbdefault\u00bb type=\u00bb1_2&#8243; theme_builder_area=\u00bbpost_content\u00bb][et_pb_blurb title=\u00bbDra. Carla Cartagena\u00bb image=\u00bbhttps:\/\/goclinicsv.com\/wp_goclinic\/wp-content\/uploads\/2024\/05\/foto08.jpg\u00bb _builder_version=\u00bb4.25.1&#8243; _module_preset=\u00bbdefault\u00bb theme_builder_area=\u00bbpost_content\u00bb hover_enabled=\u00bb0&#8243; sticky_enabled=\u00bb0&#8243; title_text=\u00bbfoto08&#8243; border_radii_image=\u00bbon|40px|40px|40px|40px\u00bb box_shadow_style_image=\u00bbpreset1&#8243; box_shadow_blur_image=\u00bb38px\u00bb box_shadow_spread_image=\u00bb12px\u00bb body_text_color=\u00bb#FFFFFF\u00bb header_text_color=\u00bb#FFFFFF\u00bb]<p>Your content goes here. Edit or remove this text inline or in the module Content settings. You can also style every aspect of this content in the module Design settings and even apply custom CSS to this text in the module Advanced settings.<\/p>[\/et_pb_blurb][\/et_pb_column][et_pb_column _builder_version=\u00bb4.25.1&#8243; _module_preset=\u00bbdefault\u00bb type=\u00bb1_2&#8243; theme_builder_area=\u00bbpost_content\u00bb][et_pb_blurb title=\u00bbDr. Mario Men\u00e9ndez\u00bb image=\u00bbhttps:\/\/goclinicsv.com\/wp_goclinic\/wp-content\/uploads\/2024\/05\/foto09.jpg\u00bb _builder_version=\u00bb4.25.1&#8243; _module_preset=\u00bbdefault\u00bb theme_builder_area=\u00bbpost_content\u00bb hover_enabled=\u00bb0&#8243; sticky_enabled=\u00bb0&#8243; title_text=\u00bbfoto09&#8243; border_radii_image=\u00bbon|40px|40px|40px|40px\u00bb box_shadow_style_image=\u00bbpreset1&#8243; box_shadow_blur_image=\u00bb38px\u00bb box_shadow_spread_image=\u00bb12px\u00bb body_text_color=\u00bb#FFFFFF\u00bb header_text_color=\u00bb#FFFFFF\u00bb]<p>Your content goes here. Edit or remove this text inline or in the module Content settings. You can also style every aspect of this content in the module Design settings and even apply custom CSS to this text in the module Advanced settings.<\/p>[\/et_pb_blurb][\/et_pb_column][\/et_pb_row][et_pb_row _builder_version=\u00bb4.25.1&#8243; _module_preset=\u00bbdefault\u00bb column_structure=\u00bb1_3,1_3,1_3&#8243; theme_builder_area=\u00bbpost_content\u00bb][et_pb_column _builder_version=\u00bb4.25.1&#8243; _module_preset=\u00bbdefault\u00bb type=\u00bb1_3&#8243; theme_builder_area=\u00bbpost_content\u00bb][et_pb_blurb title=\u00bbDra.\u00bb image=\u00bbhttps:\/\/goclinicsv.com\/wp_goclinic\/wp-content\/uploads\/2024\/05\/foto10.jpg\u00bb _builder_version=\u00bb4.25.1&#8243; _module_preset=\u00bbdefault\u00bb theme_builder_area=\u00bbpost_content\u00bb hover_enabled=\u00bb0&#8243; sticky_enabled=\u00bb0&#8243; title_text=\u00bbfoto10&#8243; border_radii_image=\u00bbon|40px|40px|40px|40px\u00bb box_shadow_style_image=\u00bbpreset1&#8243; box_shadow_blur_image=\u00bb38px\u00bb box_shadow_spread_image=\u00bb12px\u00bb header_text_color=\u00bb#FFFFFF\u00bb body_text_color=\u00bb#FFFFFF\u00bb]<p>Your content goes here. Edit or remove this text inline or in the module Content settings. You can also style every aspect of this content in the module Design settings and even apply custom CSS to this text in the module Advanced settings.<\/p>[\/et_pb_blurb][\/et_pb_column][et_pb_column _builder_version=\u00bb4.25.1&#8243; _module_preset=\u00bbdefault\u00bb type=\u00bb1_3&#8243; theme_builder_area=\u00bbpost_content\u00bb][et_pb_blurb title=\u00bbDr.\u00bb image=\u00bbhttps:\/\/goclinicsv.com\/wp_goclinic\/wp-content\/uploads\/2024\/05\/foto15.jpg\u00bb _builder_version=\u00bb4.25.1&#8243; _module_preset=\u00bbdefault\u00bb theme_builder_area=\u00bbpost_content\u00bb title_text=\u00bbfoto15&#8243; hover_enabled=\u00bb0&#8243; sticky_enabled=\u00bb0&#8243; border_radii_image=\u00bbon|40px|40px|40px|40px\u00bb box_shadow_style_image=\u00bbpreset1&#8243; box_shadow_blur_image=\u00bb38px\u00bb box_shadow_spread_image=\u00bb12px\u00bb body_text_color=\u00bb#FFFFFF\u00bb header_text_color=\u00bb#FFFFFF\u00bb]<p>Your content goes here. Edit or remove this text inline or in the module Content settings. You can also style every aspect of this content in the module Design settings and even apply custom CSS to this text in the module Advanced settings.<\/p>[\/et_pb_blurb][\/et_pb_column][et_pb_column _builder_version=\u00bb4.25.1&#8243; _module_preset=\u00bbdefault\u00bb type=\u00bb1_3&#8243; theme_builder_area=\u00bbpost_content\u00bb][et_pb_blurb title=\u00bbDr.\u00bb image=\u00bbhttps:\/\/goclinicsv.com\/wp_goclinic\/wp-content\/uploads\/2024\/05\/foto14.jpg\u00bb _builder_version=\u00bb4.25.1&#8243; _module_preset=\u00bbdefault\u00bb theme_builder_area=\u00bbpost_content\u00bb hover_enabled=\u00bb0&#8243; sticky_enabled=\u00bb0&#8243; title_text=\u00bbfoto14&#8243; border_radii_image=\u00bbon|40px|40px|40px|40px\u00bb box_shadow_style_image=\u00bbpreset1&#8243; header_text_color=\u00bb#FFFFFF\u00bb body_text_color=\u00bb#FFFFFF\u00bb]<p>Your content goes here. Edit or remove this text inline or in the module Content settings. You can also style every aspect of this content in the module Design settings and even apply custom CSS to this text in the module Advanced settings.<\/p>[\/et_pb_blurb][\/et_pb_column][\/et_pb_row][\/et_pb_section]\n","protected":false},"excerpt":{"rendered":"<p>En Go Clinic, nuestra prioridad es brindar atenci\u00f3n especializada y de calidad a nuestras pacientes en el \u00e1rea de ginecolog\u00eda y obstetricia. Nuestro equipo de m\u00e9dicos altamente capacitados se preocupa por su bienestar y salud en cada etapa de su vida. Ofrecemos servicios integrales que incluyen consultas ginecol\u00f3gicas, consultas prenatales, planificaci\u00f3n familiar, procedimientos y cirug\u00edas [&hellip;]<\/p>\n","protected":false},"author":1,"featured_media":0,"parent":0,"menu_order":0,"comment_status":"closed","ping_status":"closed","template":"","meta":{"_et_pb_use_builder":"on","_et_pb_old_content":"","_et_gb_content_width":"","footnotes":""},"class_list":["post-1819","page","type-page","status-publish","hentry"],"_links":{"self":[{"href":"https:\/\/goclinicsv.com\/wp_goclinic\/wp-json\/wp\/v2\/pages\/1819"}],"collection":[{"href":"https:\/\/goclinicsv.com\/wp_goclinic\/wp-json\/wp\/v2\/pages"}],"about":[{"href":"https:\/\/goclinicsv.com\/wp_goclinic\/wp-json\/wp\/v2\/types\/page"}],"author":[{"embeddable":true,"href":"https:\/\/goclinicsv.com\/wp_goclinic\/wp-json\/wp\/v2\/users\/1"}],"replies":[{"embeddable":true,"href":"https:\/\/goclinicsv.com\/wp_goclinic\/wp-json\/wp\/v2\/comments?post=1819"}],"version-history":[{"count":16,"href":"https:\/\/goclinicsv.com\/wp_goclinic\/wp-json\/wp\/v2\/pages\/1819\/revisions"}],"predecessor-version":[{"id":1915,"href":"https:\/\/goclinicsv.com\/wp_goclinic\/wp-json\/wp\/v2\/pages\/1819\/revisions\/1915"}],"wp:attachment":[{"href":"https:\/\/goclinicsv.com\/wp_goclinic\/wp-json\/wp\/v2\/media?parent=1819"}],"curies":[{"name":"wp","href":"https:\/\/api.w.org\/{rel}","templated":true}]}}